{"id":143,"date":"2025-02-13T15:54:11","date_gmt":"2025-02-13T15:54:11","guid":{"rendered":"https:\/\/winatpokerplays.com\/?page_id=143"},"modified":"2025-02-20T12:13:44","modified_gmt":"2025-02-20T12:13:44","slug":"o-nama","status":"publish","type":"page","link":"https:\/\/winatpokerplays.com\/sr\/o-nama\/","title":{"rendered":"O nama"},"content":{"rendered":"<p>Na\u0161 cilj na <strong>winatpokerplays.com<\/strong> je da pru\u017eimo temeljnu analizu igre pokera sa svih aspekata \u2013 od osnovnih pravila i strategija do naprednih tehnika koje vam mogu pomo\u0107i da postanete vrhunski igra\u010d. <\/p>\n\n\n\n<p>Poker nije igra na sre\u0107u \u2013 to je igra ve\u0161tine, strategije i psiholo\u0161kog nadmetanja. Na\u0161 tim se fokusira na pru\u017eanje detaljnih informacija, analiza i saveta koji \u0107e vam omogu\u0107iti da shvatite su\u0161tinske elemente igre i kako ih koristiti u igri.<\/p>\n\n\n\n<p>U pokeru, psiholo\u0161ki aspekt igre igra klju\u010dnu ulogu. Nau\u010di\u0107ete kako da \u010ditate protivnike, prepoznajete njihove blefove, kao i kako da kontroli\u0161ete sopstvenu igru kako biste minimizirali rizik i doneli pametne odluke pod stresom.<\/p>\n\n\n\n<p>Tako\u0111e, istra\u017ei\u0107emo razli\u010dite varijante pokera, kao i stilove igre, kako biste znali koja je strategija najbolja za svaku vrstu igre, bilo da igrate na live stolovima ili u online poker sobama.<\/p>\n\n\n\n<p>Pratite nas i postanite majstor pokera \u2013 jer u svetu pokera, sa pravim znanjem i strategijom, svaki potez mo\u017ee biti dobitan!<\/p>","protected":false},"excerpt":{"rendered":"<p>Na\u0161 cilj na winatpokerplays.com je da pru\u017eimo temeljnu analizu igre pokera sa svih aspekata \u2013 od osnovnih pravila i strategija do naprednih tehnika koje vam mogu pomo\u0107i da postanete vrhunski igra\u010d. Poker nije igra na sre\u0107u \u2013 to je igra ve\u0161tine, strategije i psiholo\u0161kog nadmetanja. Na\u0161 tim se fokusira na pru\u017eanje detaljnih informacija, analiza i [&hellip;]<\/p>\n","protected":false},"author":1,"featured_media":0,"parent":0,"menu_order":0,"comment_status":"closed","ping_status":"closed","template":"","meta":{"_themeisle_gutenberg_block_has_review":false,"footnotes":""},"class_list":["post-143","page","type-page","status-publish","hentry"],"_links":{"self":[{"href":"https:\/\/winatpokerplays.com\/sr\/wp-json\/wp\/v2\/pages\/143","targetHints":{"allow":["GET"]}}],"collection":[{"href":"https:\/\/winatpokerplays.com\/sr\/wp-json\/wp\/v2\/pages"}],"about":[{"href":"https:\/\/winatpokerplays.com\/sr\/wp-json\/wp\/v2\/types\/page"}],"author":[{"embeddable":true,"href":"https:\/\/winatpokerplays.com\/sr\/wp-json\/wp\/v2\/users\/1"}],"replies":[{"embeddable":true,"href":"https:\/\/winatpokerplays.com\/sr\/wp-json\/wp\/v2\/comments?post=143"}],"version-history":[{"count":2,"href":"https:\/\/winatpokerplays.com\/sr\/wp-json\/wp\/v2\/pages\/143\/revisions"}],"predecessor-version":[{"id":154,"href":"https:\/\/winatpokerplays.com\/sr\/wp-json\/wp\/v2\/pages\/143\/revisions\/154"}],"wp:attachment":[{"href":"https:\/\/winatpokerplays.com\/sr\/wp-json\/wp\/v2\/media?parent=143"}],"curies":[{"name":"wp","href":"https:\/\/api.w.org\/{rel}","templated":true}]}}